{"id":229,"date":"2023-12-08T00:55:59","date_gmt":"2023-12-08T00:55:59","guid":{"rendered":"https:\/\/hospitaluniversitario.edu.py\/?page_id=229"},"modified":"2025-06-09T14:40:48","modified_gmt":"2025-06-09T14:40:48","slug":"nuestros-planes","status":"publish","type":"page","link":"https:\/\/hospitaluniversitario.edu.py\/index.php\/nuestros-planes\/","title":{"rendered":"NUESTROS PLANES"},"content":{"rendered":"\t\t<div data-elementor-type=\"wp-page\" data-elementor-id=\"229\" class=\"elementor elementor-229\">\n\t\t\t\t\t\t\t\t\t<section class=\"elementor-section elementor-top-section elementor-element elementor-element-3754427 elementor-section-height-min-height elementor-section-items-stretch elementor-section-boxed elementor-section-height-default\" data-id=\"3754427\" data-element_type=\"section\" data-settings=\"{&quot;background_background&quot;:&quot;classic&quot;}\">\n\t\t\t\t\t\t\t<div class=\"elementor-background-overlay\"><\/div>\n\t\t\t\t\t\t\t<div class=\"elementor-container elementor-column-gap-default\">\n\t\t\t\t\t<div class=\"elementor-column elementor-col-100 elementor-top-column elementor-element elementor-element-4ed7f9fc\" data-id=\"4ed7f9fc\" data-element_type=\"column\">\n\t\t\t<div class=\"elementor-widget-wrap elementor-element-populated\">\n\t\t\t\t\t\t\t\t<section class=\"elementor-section elementor-inner-section elementor-element elementor-element-3fc02ca2 elementor-section-boxed elementor-section-height-default elementor-section-height-default\" data-id=\"3fc02ca2\" data-element_type=\"section\">\n\t\t\t\t\t\t<div class=\"elementor-container elementor-column-gap-default\">\n\t\t\t\t\t<div class=\"elementor-column elementor-col-100 elementor-inner-column elementor-element elementor-element-6de80cf0\" data-id=\"6de80cf0\" data-element_type=\"column\">\n\t\t\t<div class=\"elementor-widget-wrap elementor-element-populated\">\n\t\t\t\t\t\t\t\t<div class=\"elementor-element elementor-element-3427d968 elementor-widget elementor-widget-heading\" data-id=\"3427d968\" data-element_type=\"widget\" data-widget_type=\"heading.default\">\n\t\t\t\t<div class=\"elementor-widget-container\">\n\t\t\t<style>\/*! elementor - v3.17.0 - 08-11-2023 *\/\n.elementor-heading-title{padding:0;margin:0;line-height:1}.elementor-widget-heading .elementor-heading-title[class*=elementor-size-]>a{color:inherit;font-size:inherit;line-height:inherit}.elementor-widget-heading .elementor-heading-title.elementor-size-small{font-size:15px}.elementor-widget-heading .elementor-heading-title.elementor-size-medium{font-size:19px}.elementor-widget-heading .elementor-heading-title.elementor-size-large{font-size:29px}.elementor-widget-heading .elementor-heading-title.elementor-size-xl{font-size:39px}.elementor-widget-heading .elementor-heading-title.elementor-size-xxl{font-size:59px}<\/style><h3 class=\"elementor-heading-title elementor-size-default\">Hospital universitario\n\n<\/h3>\t\t<\/div>\n\t\t\t\t<\/div>\n\t\t\t\t<div class=\"elementor-element elementor-element-975bf2a elementor-invisible elementor-widget elementor-widget-heading\" data-id=\"975bf2a\" data-element_type=\"widget\" data-settings=\"{&quot;_animation&quot;:&quot;fadeIn&quot;}\" data-widget_type=\"heading.default\">\n\t\t\t\t<div class=\"elementor-widget-container\">\n\t\t\t<h2 class=\"elementor-heading-title elementor-size-default\">NUESTROS PLANES<\/h2>\t\t<\/div>\n\t\t\t\t<\/div>\n\t\t\t\t\t<\/div>\n\t\t<\/div>\n\t\t\t\t\t\t\t<\/div>\n\t\t<\/section>\n\t\t\t\t<section class=\"elementor-section elementor-inner-section elementor-element elementor-element-2f74dfc8 elementor-section-boxed elementor-section-height-default elementor-section-height-default\" data-id=\"2f74dfc8\" data-element_type=\"section\">\n\t\t\t\t\t\t<div class=\"elementor-container elementor-column-gap-default\">\n\t\t\t\t\t<div class=\"elementor-column elementor-col-25 elementor-inner-column elementor-element elementor-element-7d79ee61\" data-id=\"7d79ee61\" data-element_type=\"column\">\n\t\t\t<div class=\"elementor-widget-wrap elementor-element-populated\">\n\t\t\t\t\t\t\t\t<div class=\"elementor-element elementor-element-b0460e3 elementor-widget elementor-widget-heading\" data-id=\"b0460e3\" data-element_type=\"widget\" data-widget_type=\"heading.default\">\n\t\t\t\t<div class=\"elementor-widget-container\">\n\t\t\t<h3 class=\"elementor-heading-title elementor-size-default\">Plan Alfa \n\n<\/h3>\t\t<\/div>\n\t\t\t\t<\/div>\n\t\t\t\t<div class=\"elementor-element elementor-element-180e074f elementor-widget elementor-widget-text-editor\" data-id=\"180e074f\" data-element_type=\"widget\" data-widget_type=\"text-editor.default\">\n\t\t\t\t<div class=\"elementor-widget-container\">\n\t\t\t<style>\/*! elementor - v3.17.0 - 08-11-2023 *\/\n.elementor-widget-text-editor.elementor-drop-cap-view-stacked .elementor-drop-cap{background-color:#69727d;color:#fff}.elementor-widget-text-editor.elementor-drop-cap-view-framed .elementor-drop-cap{color:#69727d;border:3px solid;background-color:transparent}.elementor-widget-text-editor:not(.elementor-drop-cap-view-default) .elementor-drop-cap{margin-top:8px}.elementor-widget-text-editor:not(.elementor-drop-cap-view-default) .elementor-drop-cap-letter{width:1em;height:1em}.elementor-widget-text-editor .elementor-drop-cap{float:left;text-align:center;line-height:1;font-size:50px}.elementor-widget-text-editor .elementor-drop-cap-letter{display:inline-block}<\/style>\t\t\t\t<p>Porque protegemos lo que m\u00e1s te importa, te presentamos la\u00a0 cobertura de nuestro Plan Alfa, pensado para darle a usted y a su familia beneficios y cobertura inmediata y sin mucha antig\u00fcedad. Un plan completo y por sobre todo accesible.<\/p><p>Te citamos algunos de los servicios:<\/p><ul><li>Consultas de Urgencias<\/li><li>Consultas Ambulatorias<\/li><li>Internaciones cl\u00ednicas y quir\u00fargicas<\/li><li>Unidad de Terapia Intensiva<\/li><li>Laboratorios<\/li><li>Ecograf\u00edas<\/li><li>Radiograf\u00edas<\/li><li>Mamograf\u00edas<\/li><li>Tomograf\u00edas<\/li><\/ul><p>Todas las coberturas \u00a0son por beneficiario.<\/p><p><span style=\"font-style: inherit; font-weight: inherit;\">Ll\u00e1manos y consulta m\u00e1s sobre \u00e9ste plan de cobertura de nuestro Sistema de Prevenci\u00f3n M\u00e9dica (SPM)<\/span><\/p><p>(0974) 500-543 Prevenci\u00f3n M\u00e9dica<\/p><p>(0976) 537- 418 Comercial SPM<\/p><p>(0976) 184- 064 Reserva de Turno<\/p>\t\t\t\t\t\t<\/div>\n\t\t\t\t<\/div>\n\t\t\t\t\t<\/div>\n\t\t<\/div>\n\t\t\t\t<div class=\"elementor-column elementor-col-25 elementor-inner-column elementor-element elementor-element-dbaaa81\" data-id=\"dbaaa81\" data-element_type=\"column\">\n\t\t\t<div class=\"elementor-widget-wrap elementor-element-populated\">\n\t\t\t\t\t\t\t\t<div class=\"elementor-element elementor-element-5568ac9 elementor-widget elementor-widget-heading\" data-id=\"5568ac9\" data-element_type=\"widget\" data-widget_type=\"heading.default\">\n\t\t\t\t<div class=\"elementor-widget-container\">\n\t\t\t<h3 class=\"elementor-heading-title elementor-size-default\">Plan Beta \n<\/h3>\t\t<\/div>\n\t\t\t\t<\/div>\n\t\t\t\t<div class=\"elementor-element elementor-element-418b079 elementor-widget elementor-widget-text-editor\" data-id=\"418b079\" data-element_type=\"widget\" data-widget_type=\"text-editor.default\">\n\t\t\t\t<div class=\"elementor-widget-container\">\n\t\t\t\t\t\t\t<p>Imagin\u00e1 un plan s\u00faper accesible con beneficios para usted y su familia, te presentamos la\u00a0 cobertura de nuestro Plan Beta, pensado para darles los beneficios y coberturas que la familia necesite. Un plan s\u00faper accesible!\u00a0<\/p><p>Te citamos algunos de los servicios:<\/p><ul><li>Consultas de Urgencias<\/li><li>Consultas Ambulatorias<\/li><li>Internaciones cl\u00ednicas y quir\u00fargicas<\/li><li>Unidad de Terapia Intensiva<\/li><li>Laboratorios<\/li><li>Ecograf\u00edas<\/li><li>Radiograf\u00edas<\/li><li>Mamograf\u00edas<\/li><li>Tomograf\u00edas<\/li><\/ul><p>Todas las coberturas\u00a0 son por beneficiario.<\/p><p>Ll\u00e1manos y consulta m\u00e1s sobre \u00e9ste plan de cobertura de nuestro Sistema de Prevenci\u00f3n M\u00e9dica (SPM)<\/p><p>(0974) 500-543 Prevenci\u00f3n M\u00e9dica<\/p><p>(0976) 537- 418 Comercial SPM<\/p><p>(0976) 184- 064 Reserva de Turno<\/p>\t\t\t\t\t\t<\/div>\n\t\t\t\t<\/div>\n\t\t\t\t\t<\/div>\n\t\t<\/div>\n\t\t\t\t<div class=\"elementor-column elementor-col-25 elementor-inner-column elementor-element elementor-element-1997091\" data-id=\"1997091\" data-element_type=\"column\">\n\t\t\t<div class=\"elementor-widget-wrap elementor-element-populated\">\n\t\t\t\t\t\t\t\t<div class=\"elementor-element elementor-element-f6d9859 elementor-widget elementor-widget-heading\" data-id=\"f6d9859\" data-element_type=\"widget\" data-widget_type=\"heading.default\">\n\t\t\t\t<div class=\"elementor-widget-container\">\n\t\t\t<h3 class=\"elementor-heading-title elementor-size-default\">Plan Estudiantil<\/h3>\t\t<\/div>\n\t\t\t\t<\/div>\n\t\t\t\t<div class=\"elementor-element elementor-element-6f491f0 elementor-widget elementor-widget-text-editor\" data-id=\"6f491f0\" data-element_type=\"widget\" data-widget_type=\"text-editor.default\">\n\t\t\t\t<div class=\"elementor-widget-container\">\n\t\t\t\t\t\t\t<p>Sos estudiante de la Universidad Cat\u00f3lica o de otra Universidad y a\u00fan no cuentas con un servicio de cobertura m\u00e9dica?<\/p><p>\u00a0<\/p><p>El Hospital Universitario U.C. Ntra. Sra. De la Asunci\u00f3n te ofrece \u00e9ste plan dise\u00f1ado para protegerte durante tu vida estudiantil, s\u00faper accesible y\u00a0 la cuota muy baja.<\/p><p>Consulta m\u00e1s sobre \u00e9ste plan de cobertura al:\u00a0<\/p><p>(0974) 500-543 Prevenci\u00f3n M\u00e9dica<\/p><p>(0976) 537- 418 Comercial SPM<\/p><p>(0976) 184- 064 Reserva de Turno<\/p>\t\t\t\t\t\t<\/div>\n\t\t\t\t<\/div>\n\t\t\t\t\t<\/div>\n\t\t<\/div>\n\t\t\t\t<div class=\"elementor-column elementor-col-25 elementor-inner-column elementor-element elementor-element-6f440e8\" data-id=\"6f440e8\" data-element_type=\"column\">\n\t\t\t<div class=\"elementor-widget-wrap elementor-element-populated\">\n\t\t\t\t\t\t\t\t<div class=\"elementor-element elementor-element-cf32599 elementor-widget elementor-widget-heading\" data-id=\"cf32599\" data-element_type=\"widget\" data-widget_type=\"heading.default\">\n\t\t\t\t<div class=\"elementor-widget-container\">\n\t\t\t<h3 class=\"elementor-heading-title elementor-size-default\">Plan Urgencia 24\/7\n<\/h3>\t\t<\/div>\n\t\t\t\t<\/div>\n\t\t\t\t<div class=\"elementor-element elementor-element-b2f5802 elementor-widget elementor-widget-text-editor\" data-id=\"b2f5802\" data-element_type=\"widget\" data-widget_type=\"text-editor.default\">\n\t\t\t\t<div class=\"elementor-widget-container\">\n\t\t\t\t\t\t\t<p>\u00a0<\/p><p>\u00bfCansado de hacer cola y perder horas esperando\u00a0 urgencias o cl\u00ednica?<\/p><p>Evit\u00e1 todo eso con el Plan m\u00e1s econ\u00f3mico!<\/p><p>S\u00f3lo 110.000 gs.<\/p><p>El plan de Cobertura de Urgencia 24\/7 del Hospital Universitario U.C. Ntra. Sra. De la Asunci\u00f3n, est\u00e1 dise\u00f1ado para brindarte consultas m\u00e9dicas, estudios, an\u00e1lisis especializados, y lo m\u00e1s importante: \u00a1Asistencia de Urgencia y Enfermer\u00eda ILIMITADA!<\/p><p>Consulta m\u00e1s sobre \u00e9ste plan de cobertura al:\u00a0<\/p><p>(0974) 500-543 Prevenci\u00f3n M\u00e9dica<\/p><p>(0976) 537- 418 Comercial SPM<\/p><p>(0976) 184- 064 Reserva de Turno<\/p>\t\t\t\t\t\t<\/div>\n\t\t\t\t<\/div>\n\t\t\t\t\t<\/div>\n\t\t<\/div>\n\t\t\t\t\t\t\t<\/div>\n\t\t<\/section>\n\t\t\t\t\t<\/div>\n\t\t<\/div>\n\t\t\t\t\t\t\t<\/div>\n\t\t<\/section>\n\t\t\t\t<section class=\"elementor-section elementor-top-section elementor-element elementor-element-89ef2da elementor-section-full_width elementor-section-stretched elementor-section-height-default elementor-section-height-default\" data-id=\"89ef2da\" data-element_type=\"section\" data-settings=\"{&quot;stretch_section&quot;:&quot;section-stretched&quot;}\">\n\t\t\t\t\t\t<div class=\"elementor-container elementor-column-gap-no\">\n\t\t\t\t\t<div class=\"elementor-column elementor-col-100 elementor-top-column elementor-element elementor-element-54853c1\" data-id=\"54853c1\" data-element_type=\"column\">\n\t\t\t<div class=\"elementor-widget-wrap elementor-element-populated\">\n\t\t\t\t\t\t\t\t<section class=\"elementor-section elementor-inner-section elementor-element elementor-element-82c1871 elementor-section-boxed elementor-section-height-default elementor-section-height-default\" data-id=\"82c1871\" data-element_type=\"section\" data-settings=\"{&quot;background_background&quot;:&quot;classic&quot;,&quot;animation&quot;:&quot;none&quot;}\">\n\t\t\t\t\t\t\t<div class=\"elementor-background-overlay\"><\/div>\n\t\t\t\t\t\t\t<div class=\"elementor-container elementor-column-gap-no\">\n\t\t\t\t\t<div class=\"elementor-column elementor-col-50 elementor-inner-column elementor-element elementor-element-0230636 animated-fast\" data-id=\"0230636\" data-element_type=\"column\" data-settings=\"{&quot;animation&quot;:&quot;none&quot;,&quot;background_background&quot;:&quot;classic&quot;}\">\n\t\t\t<div class=\"elementor-widget-wrap elementor-element-populated\">\n\t\t\t\t\t\t\t\t<div class=\"elementor-element elementor-element-c4615c8 elementor-align-center elementor-invisible elementor-widget elementor-widget-button\" data-id=\"c4615c8\" data-element_type=\"widget\" data-settings=\"{&quot;_animation&quot;:&quot;fadeInLeft&quot;}\" data-widget_type=\"button.default\">\n\t\t\t\t<div class=\"elementor-widget-container\">\n\t\t\t\t\t<div class=\"elementor-button-wrapper\">\n\t\t\t<a class=\"elementor-button elementor-button-link elementor-size-md elementor-animation-float\" href=\"#\">\n\t\t\t\t\t\t<span class=\"elementor-button-content-wrapper\">\n\t\t\t\t\t\t<span class=\"elementor-button-text\">reservar turno<\/span>\n\t\t<\/span>\n\t\t\t\t\t<\/a>\n\t\t<\/div>\n\t\t\t\t<\/div>\n\t\t\t\t<\/div>\n\t\t\t\t\t<\/div>\n\t\t<\/div>\n\t\t\t\t<div class=\"elementor-column elementor-col-50 elementor-inner-column elementor-element elementor-element-dfb1ec3 animated-fast\" data-id=\"dfb1ec3\" data-element_type=\"column\" data-settings=\"{&quot;animation&quot;:&quot;none&quot;,&quot;background_background&quot;:&quot;classic&quot;}\">\n\t\t\t<div class=\"elementor-widget-wrap elementor-element-populated\">\n\t\t\t\t\t\t\t\t<div class=\"elementor-element elementor-element-e07a11f elementor-align-center elementor-invisible elementor-widget elementor-widget-button\" data-id=\"e07a11f\" data-element_type=\"widget\" data-settings=\"{&quot;_animation&quot;:&quot;fadeInRight&quot;}\" data-widget_type=\"button.default\">\n\t\t\t\t<div class=\"elementor-widget-container\">\n\t\t\t\t\t<div class=\"elementor-button-wrapper\">\n\t\t\t<a class=\"elementor-button elementor-button-link elementor-size-md elementor-animation-float\" href=\"#\">\n\t\t\t\t\t\t<span class=\"elementor-button-content-wrapper\">\n\t\t\t\t\t\t<span class=\"elementor-button-text\">Consultar cobertura<\/span>\n\t\t<\/span>\n\t\t\t\t\t<\/a>\n\t\t<\/div>\n\t\t\t\t<\/div>\n\t\t\t\t<\/div>\n\t\t\t\t\t<\/div>\n\t\t<\/div>\n\t\t\t\t\t\t\t<\/div>\n\t\t<\/section>\n\t\t\t\t\t<\/div>\n\t\t<\/div>\n\t\t\t\t\t\t\t<\/div>\n\t\t<\/section>\n\t\t\t\t\t\t\t<\/div>\n\t\t","protected":false},"excerpt":{"rendered":"<p>Hospital universitario NUESTROS PLANES Plan Alfa Porque protegemos lo que m\u00e1s te importa, te presentamos la\u00a0 cobertura de nuestro Plan Alfa, pensado para darle a usted y a su familia beneficios y cobertura inmediata y sin mucha antig\u00fcedad. Un plan completo y por sobre todo accesible. Te citamos algunos de los servicios: Consultas de Urgencias &hellip;<\/p>\n<p class=\"read-more\"> <a class=\"\" href=\"https:\/\/hospitaluniversitario.edu.py\/index.php\/nuestros-planes\/\"> <span class=\"screen-reader-text\">NUESTROS PLANES<\/span> Leer m\u00e1s &raquo;<\/a><\/p>\n","protected":false},"author":3,"featured_media":0,"parent":0,"menu_order":0,"comment_status":"closed","ping_status":"closed","template":"","meta":{"site-sidebar-layout":"no-sidebar","site-content-layout":"","ast-site-content-layout":"full-width-container","site-content-style":"default","site-sidebar-style":"default","ast-global-header-display":"","ast-banner-title-visibility":"","ast-main-header-display":"","ast-hfb-above-header-display":"","ast-hfb-below-header-display":"","ast-hfb-mobile-header-display":"","site-post-title":"disabled","ast-breadcrumbs-content":"","ast-featured-img":"disabled","footer-sml-layout":"","theme-transparent-header-meta":"","adv-header-id-meta":"","stick-header-meta":"","header-above-stick-meta":"","header-main-stick-meta":"","header-below-stick-meta":"","astra-migrate-meta-layouts":"","ast-page-background-enabled":"default","ast-page-background-meta":{"desktop":{"background-color":"var(--ast-global-color-4)","background-image":"","background-repeat":"repeat","background-position":"center center","background-size":"auto","background-attachment":"scroll","background-type":"","background-media":"","overlay-type":"","overlay-color":"","overlay-gradient":""},"tablet":{"background-color":"","background-image":"","background-repeat":"repeat","background-position":"center center","background-size":"auto","background-attachment":"scroll","background-type":"","background-media":"","overlay-type":"","overlay-color":"","overlay-gradient":""},"mobile":{"background-color":"","background-image":"","background-repeat":"repeat","background-position":"center center","background-size":"auto","background-attachment":"scroll","background-type":"","background-media":"","overlay-type":"","overlay-color":"","overlay-gradient":""}},"ast-content-background-meta":{"desktop":{"background-color":"var(--ast-global-color-5)","background-image":"","background-repeat":"repeat","background-position":"center center","background-size":"auto","background-attachment":"scroll","background-type":"","background-media":"","overlay-type":"","overlay-color":"","overlay-gradient":""},"tablet":{"background-color":"var(--ast-global-color-5)","background-image":"","background-repeat":"repeat","background-position":"center center","background-size":"auto","background-attachment":"scroll","background-type":"","background-media":"","overlay-type":"","overlay-color":"","overlay-gradient":""},"mobile":{"background-color":"var(--ast-global-color-5)","background-image":"","background-repeat":"repeat","background-position":"center center","background-size":"auto","background-attachment":"scroll","background-type":"","background-media":"","overlay-type":"","overlay-color":"","overlay-gradient":""}},"_joinchat":[],"footnotes":""},"class_list":["post-229","page","type-page","status-publish","hentry"],"_links":{"self":[{"href":"https:\/\/hospitaluniversitario.edu.py\/index.php\/wp-json\/wp\/v2\/pages\/229","targetHints":{"allow":["GET"]}}],"collection":[{"href":"https:\/\/hospitaluniversitario.edu.py\/index.php\/wp-json\/wp\/v2\/pages"}],"about":[{"href":"https:\/\/hospitaluniversitario.edu.py\/index.php\/wp-json\/wp\/v2\/types\/page"}],"author":[{"embeddable":true,"href":"https:\/\/hospitaluniversitario.edu.py\/index.php\/wp-json\/wp\/v2\/users\/3"}],"replies":[{"embeddable":true,"href":"https:\/\/hospitaluniversitario.edu.py\/index.php\/wp-json\/wp\/v2\/comments?post=229"}],"version-history":[{"count":22,"href":"https:\/\/hospitaluniversitario.edu.py\/index.php\/wp-json\/wp\/v2\/pages\/229\/revisions"}],"predecessor-version":[{"id":450,"href":"https:\/\/hospitaluniversitario.edu.py\/index.php\/wp-json\/wp\/v2\/pages\/229\/revisions\/450"}],"wp:attachment":[{"href":"https:\/\/hospitaluniversitario.edu.py\/index.php\/wp-json\/wp\/v2\/media?parent=229"}],"curies":[{"name":"wp","href":"https:\/\/api.w.org\/{rel}","templated":true}]}}